{"id":131,"date":"2022-06-23T15:43:38","date_gmt":"2022-06-23T13:43:38","guid":{"rendered":"https:\/\/drdataflow.com\/?page_id=131"},"modified":"2023-01-25T17:49:18","modified_gmt":"2023-01-25T16:49:18","slug":"conditions-generales","status":"publish","type":"page","link":"https:\/\/drdataflow.com\/nl\/conditions-generales\/","title":{"rendered":"Conditions g\u00e9n\u00e9rales"},"content":{"rendered":"<p>Dr Data Flow est une marque de la soci\u00e9t\u00e9 <a href=\"https:\/\/www.7ss.be\">7 Stars Solutions<\/a>.<\/p>\n<p><a href=\"https:\/\/7ss.be\/wp-content\/uploads\/2020\/12\/CGV.pdf\">Conditions g\u00e9n\u00e9rales<\/a><\/p>","protected":false},"excerpt":{"rendered":"<p>Dr Data Flow est une marque de la soci\u00e9t\u00e9 7 Stars Solutions. Conditions g\u00e9n\u00e9rales<\/p>","protected":false},"author":1,"featured_media":0,"parent":0,"menu_order":0,"comment_status":"closed","ping_status":"closed","template":"","meta":{"inline_featured_image":false},"_links":{"self":[{"href":"https:\/\/drdataflow.com\/nl\/wp-json\/wp\/v2\/pages\/131"}],"collection":[{"href":"https:\/\/drdataflow.com\/nl\/wp-json\/wp\/v2\/pages"}],"about":[{"href":"https:\/\/drdataflow.com\/nl\/wp-json\/wp\/v2\/types\/page"}],"author":[{"embeddable":true,"href":"https:\/\/drdataflow.com\/nl\/wp-json\/wp\/v2\/users\/1"}],"replies":[{"embeddable":true,"href":"https:\/\/drdataflow.com\/nl\/wp-json\/wp\/v2\/comments?post=131"}],"version-history":[{"count":4,"href":"https:\/\/drdataflow.com\/nl\/wp-json\/wp\/v2\/pages\/131\/revisions"}],"predecessor-version":[{"id":494,"href":"https:\/\/drdataflow.com\/nl\/wp-json\/wp\/v2\/pages\/131\/revisions\/494"}],"wp:attachment":[{"href":"https:\/\/drdataflow.com\/nl\/wp-json\/wp\/v2\/media?parent=131"}],"curies":[{"name":"wp","href":"https:\/\/api.w.org\/{rel}","templated":true}]}}